{"id":1612,"date":"2017-07-23T18:36:49","date_gmt":"2017-07-23T17:36:49","guid":{"rendered":"http:\/\/www.restellini.com\/mentions-legales\/"},"modified":"2018-03-22T17:56:05","modified_gmt":"2018-03-22T16:56:05","slug":"mentions-legales","status":"publish","type":"page","link":"https:\/\/www.restellini.com\/ja\/mentions-legales\/","title":{"rendered":"Mentions l\u00e9gales"},"content":{"rendered":"<p>Le site web du Restellini.com(http:\/\/www.restellini.com) a pour Directeur de la publication: M. Marc Restellini<\/p>\n<h3>H\u00e9bergement du site<\/h3>\n<div>GANDI SAS,<\/div>\n<div>soci\u00e9t\u00e9 par actions simplifi\u00e9e au capital de 37.000\u20ac, ayant son si\u00e8ge social au 15 place de la Nation \u00e0 Paris (75011) FRANCE, immatricul\u00e9e sous le num\u00e9ro 423093459 RCS PARIS.<\/div>\n<p>Vos coordonn\u00e9es (identit\u00e9, adresse, courriel, t\u00e9l\u00e9phone\u2026) ne sont c\u00e9d\u00e9es \u00e0 aucune soci\u00e9t\u00e9 tierce sans votre consentement.<\/p>\n<h3>Cr\u00e9dits<\/h3>\n<p>Cr\u00e9ation graphique et d\u00e9veloppement : Juste Une Evidence<br \/>\nCr\u00e9dits photographiques : D.R.<br \/>\nTraductions :<\/p>\n<ul>\n<li>Anglais : Simon Pleasance<\/li>\n<li>Russe : Ekaterina Bembel<\/li>\n<li>Japonais : Yoichi Nakao<\/li>\n<li>Italien : Luca Papini<\/li>\n<li>Arabe : Dr Mohamed S. Al Aboodi<\/li>\n<\/ul>\n","protected":false},"excerpt":{"rendered":"<p>Le site web du Restellini.com(http:\/\/www.restellini.com) a pour Directeur de la publication: M. Marc Restellin [&hellip;]<\/p>\n","protected":false},"author":1,"featured_media":0,"parent":0,"menu_order":0,"comment_status":"closed","ping_status":"closed","template":"","meta":{"footnotes":""},"yoast_head":"<!-- This site is optimized with the Yoast SEO plugin v22.4 - https:\/\/yoast.com\/wordpress\/plugins\/seo\/ -->\n<title>Mentions l\u00e9gales - Marc Restellini<\/title>\n<meta name=\"robots\" content=\"index, follow, max-snippet:-1, max-image-preview:large, max-video-preview:-1\" \/>\n<link rel=\"canonical\" href=\"https:\/\/www.restellini.com\/mentions-legales\/\" \/>\n<meta property=\"og:locale\" content=\"ja_JP\" \/>\n<meta property=\"og:type\" content=\"article\" \/>\n<meta property=\"og:title\" content=\"Mentions l\u00e9gales - Marc Restellini\" \/>\n<meta property=\"og:description\" content=\"Le site web du Restellini.com(http:\/\/www.restellini.com) a pour Directeur de la publication: M. Marc Restellin [&hellip;]\" \/>\n<meta property=\"og:url\" content=\"https:\/\/www.restellini.com\/mentions-legales\/\" \/>\n<meta property=\"og:site_name\" content=\"Marc Restellini\" \/>\n<meta property=\"article:modified_time\" content=\"2018-03-22T16:56:05+00:00\" \/>\n<meta name=\"twitter:card\" content=\"summary_large_image\" \/>\n<meta name=\"twitter:site\" content=\"@marcrestellini\" \/>\n<meta name=\"twitter:label1\" content=\"\u63a8\u5b9a\u8aad\u307f\u53d6\u308a\u6642\u9593\" \/>\n\t<meta name=\"twitter:data1\" content=\"1\u5206\" \/>\n<script type=\"application\/ld+json\" class=\"yoast-schema-graph\">{\"@context\":\"https:\/\/schema.org\",\"@graph\":[{\"@type\":\"WebPage\",\"@id\":\"https:\/\/www.restellini.com\/mentions-legales\/\",\"url\":\"https:\/\/www.restellini.com\/mentions-legales\/\",\"name\":\"Mentions l\u00e9gales - Marc Restellini\",\"isPartOf\":{\"@id\":\"https:\/\/www.restellini.com\/#website\"},\"datePublished\":\"2017-07-23T17:36:49+00:00\",\"dateModified\":\"2018-03-22T16:56:05+00:00\",\"breadcrumb\":{\"@id\":\"https:\/\/www.restellini.com\/mentions-legales\/#breadcrumb\"},\"inLanguage\":\"ja\",\"potentialAction\":[{\"@type\":\"ReadAction\",\"target\":[\"https:\/\/www.restellini.com\/mentions-legales\/\"]}]},{\"@type\":\"BreadcrumbList\",\"@id\":\"https:\/\/www.restellini.com\/mentions-legales\/#breadcrumb\",\"itemListElement\":[{\"@type\":\"ListItem\",\"position\":1,\"name\":\"Accueil\",\"item\":\"https:\/\/www.restellini.com\/ja\/\"},{\"@type\":\"ListItem\",\"position\":2,\"name\":\"Mentions l\u00e9gales\"}]},{\"@type\":\"WebSite\",\"@id\":\"https:\/\/www.restellini.com\/#website\",\"url\":\"https:\/\/www.restellini.com\/\",\"name\":\"Marc Restellini\",\"description\":\"Site Officiel de Marc Restellini\",\"potentialAction\":[{\"@type\":\"SearchAction\",\"target\":{\"@type\":\"EntryPoint\",\"urlTemplate\":\"https:\/\/www.restellini.com\/?s={search_term_string}\"},\"query-input\":\"required name=search_term_string\"}],\"inLanguage\":\"ja\"}]}<\/script>\n<!-- \/ Yoast SEO plugin. -->","yoast_head_json":{"title":"Mentions l\u00e9gales - Marc Restellini","robots":{"index":"index","follow":"follow","max-snippet":"max-snippet:-1","max-image-preview":"max-image-preview:large","max-video-preview":"max-video-preview:-1"},"canonical":"https:\/\/www.restellini.com\/mentions-legales\/","og_locale":"ja_JP","og_type":"article","og_title":"Mentions l\u00e9gales - Marc Restellini","og_description":"Le site web du Restellini.com(http:\/\/www.restellini.com) a pour Directeur de la publication: M. Marc Restellin [&hellip;]","og_url":"https:\/\/www.restellini.com\/mentions-legales\/","og_site_name":"Marc Restellini","article_modified_time":"2018-03-22T16:56:05+00:00","twitter_card":"summary_large_image","twitter_site":"@marcrestellini","twitter_misc":{"\u63a8\u5b9a\u8aad\u307f\u53d6\u308a\u6642\u9593":"1\u5206"},"schema":{"@context":"https:\/\/schema.org","@graph":[{"@type":"WebPage","@id":"https:\/\/www.restellini.com\/mentions-legales\/","url":"https:\/\/www.restellini.com\/mentions-legales\/","name":"Mentions l\u00e9gales - Marc Restellini","isPartOf":{"@id":"https:\/\/www.restellini.com\/#website"},"datePublished":"2017-07-23T17:36:49+00:00","dateModified":"2018-03-22T16:56:05+00:00","breadcrumb":{"@id":"https:\/\/www.restellini.com\/mentions-legales\/#breadcrumb"},"inLanguage":"ja","potentialAction":[{"@type":"ReadAction","target":["https:\/\/www.restellini.com\/mentions-legales\/"]}]},{"@type":"BreadcrumbList","@id":"https:\/\/www.restellini.com\/mentions-legales\/#breadcrumb","itemListElement":[{"@type":"ListItem","position":1,"name":"Accueil","item":"https:\/\/www.restellini.com\/ja\/"},{"@type":"ListItem","position":2,"name":"Mentions l\u00e9gales"}]},{"@type":"WebSite","@id":"https:\/\/www.restellini.com\/#website","url":"https:\/\/www.restellini.com\/","name":"Marc Restellini","description":"Site Officiel de Marc Restellini","potentialAction":[{"@type":"SearchAction","target":{"@type":"EntryPoint","urlTemplate":"https:\/\/www.restellini.com\/?s={search_term_string}"},"query-input":"required name=search_term_string"}],"inLanguage":"ja"}]}},"_links":{"self":[{"href":"https:\/\/www.restellini.com\/ja\/wp-json\/wp\/v2\/pages\/1612"}],"collection":[{"href":"https:\/\/www.restellini.com\/ja\/wp-json\/wp\/v2\/pages"}],"about":[{"href":"https:\/\/www.restellini.com\/ja\/wp-json\/wp\/v2\/types\/page"}],"author":[{"embeddable":true,"href":"https:\/\/www.restellini.com\/ja\/wp-json\/wp\/v2\/users\/1"}],"replies":[{"embeddable":true,"href":"https:\/\/www.restellini.com\/ja\/wp-json\/wp\/v2\/comments?post=1612"}],"version-history":[{"count":2,"href":"https:\/\/www.restellini.com\/ja\/wp-json\/wp\/v2\/pages\/1612\/revisions"}],"predecessor-version":[{"id":2138,"href":"https:\/\/www.restellini.com\/ja\/wp-json\/wp\/v2\/pages\/1612\/revisions\/2138"}],"wp:attachment":[{"href":"https:\/\/www.restellini.com\/ja\/wp-json\/wp\/v2\/media?parent=1612"}],"curies":[{"name":"wp","href":"https:\/\/api.w.org\/{rel}","templated":true}]}}