{"id":1688,"date":"2017-07-31T18:18:30","date_gmt":"2017-07-31T17:18:30","guid":{"rendered":"http:\/\/www.restellini.com\/%d0%bf%d1%83%d0%b1%d0%bb%d0%b8%d0%ba%d0%b0%d1%86%d0%b8%d0%b8\/"},"modified":"2017-07-31T18:18:31","modified_gmt":"2017-07-31T17:18:31","slug":"%d0%bf%d1%83%d0%b1%d0%bb%d0%b8%d0%ba%d0%b0%d1%86%d0%b8%d0%b8","status":"publish","type":"page","link":"https:\/\/www.restellini.com\/ru\/%d0%bf%d1%83%d0%b1%d0%bb%d0%b8%d0%ba%d0%b0%d1%86%d0%b8%d0%b8\/","title":{"rendered":"\u041f\u0443\u0431\u043b\u0438\u043a\u0430\u0446\u0438\u0438"},"content":{"rendered":"<div   class='avia-fullscreen-slider main_color   avia-builder-el-0  el_before_av_section  avia-builder-el-first  container_wrap fullsize'  >\n<style type=\"text\/css\" data-created_by=\"avia_inline_auto\" id=\"style-css-av-av_fullscreen-79d9a904488c1e851fd455163515a70b\">\n#top #wrap_all .avia-slideshow .av-slideshow-caption.av-av_fullscreen-79d9a904488c1e851fd455163515a70b__0 .avia-caption-title{\nfont-size:60px;\ncolor:#ffffff;\n}\n#top .avia-slideshow .av-slideshow-caption.av-av_fullscreen-79d9a904488c1e851fd455163515a70b__0 .avia-caption-content{\nfont-size:19px;\ncolor:#b5b3b5;\n}\n#top .avia-slideshow .av-slideshow-caption.av-av_fullscreen-79d9a904488c1e851fd455163515a70b__0 .avia-caption-content p{\nfont-size:19px;\n}\n<\/style>\n<div  class='avia-slideshow av-av_fullscreen-79d9a904488c1e851fd455163515a70b avia-slideshow-no scaling av_fullscreen avia-fade-slider av-slideshow-ui av-control-hidden av-no-slider-navigation av-hide-nav-arrows av-slideshow-manual av-loop-once av-loop-manual-endless av-default-height-applied   avia-slideshow-1' data-slideshow-options=\"{&quot;animation&quot;:&quot;fade&quot;,&quot;autoplay&quot;:false,&quot;loop_autoplay&quot;:&quot;once&quot;,&quot;interval&quot;:2,&quot;loop_manual&quot;:&quot;manual-endless&quot;,&quot;autoplay_stopper&quot;:true,&quot;noNavigation&quot;:true,&quot;bg_slider&quot;:true,&quot;keep_padding&quot;:false,&quot;hoverpause&quot;:false,&quot;show_slide_delay&quot;:0,&quot;slide_height&quot;:&quot;100&quot;,&quot;image_attachment&quot;:&quot;&quot;}\"  itemprop=\"image\" itemscope=\"itemscope\" itemtype=\"https:\/\/schema.org\/ImageObject\" ><ul class='avia-slideshow-inner ' style='padding-bottom: 66.666666666667%;'><li style='background-position:center center;' data-img-url='https:\/\/www.restellini.com\/wp-content\/uploads\/2015\/02\/Marc-Restellini.jpg' class='avia-slideshow-slide av-av_fullscreen-79d9a904488c1e851fd455163515a70b__0  av-single-slide slide-1 slide-odd'><div data-rel='slideshow-1' class='avia-slide-wrap '   ><div class='av-slideshow-caption av-av_fullscreen-79d9a904488c1e851fd455163515a70b__0 caption_fullwidth caption_center caption_center_framed caption_framed'><div class=\"container caption_container\"><div class=\"slideshow_caption\"><div class=\"slideshow_inner_caption\"><div class=\"slideshow_align_caption\"><h2 class='avia-caption-title '  itemprop=\"name\" >\u041f\u0443\u0431\u043b\u0438\u043a\u0430\u0446\u0438\u0438<\/h2><\/div><\/div><\/div><\/div><\/div><\/div><\/li><\/ul><\/div><\/div>\n<div id='about'  class='avia-section av-av_section-d7c885037b94ede2878809b79b8eb277 alternate_color avia-section-huge avia-no-border-styling  avia-builder-el-1  el_after_av_fullscreen  avia-builder-el-last  avia-bg-style-scroll container_wrap fullsize'  ><div class='container av-section-cont-open' ><div class='template-page content  av-content-full alpha units'><div class='post-entry post-entry-type-page post-entry-1688'><div class='entry-content-wrapper clearfix'>\n\n<style type=\"text\/css\" data-created_by=\"avia_inline_auto\" id=\"style-css-av-av_one_full-9497bbf8bff73ea4c6992cc17fa9ec36\">\n.flex_column.av-av_one_full-9497bbf8bff73ea4c6992cc17fa9ec36{\nborder-radius:0px 0px 0px 0px;\npadding:0px 0px 0px 0px;\n}\n<\/style>\n<div  class='flex_column av-av_one_full-9497bbf8bff73ea4c6992cc17fa9ec36 av_one_full  avia-builder-el-2  el_before_av_one_half  avia-builder-el-first  first flex_column_div av-zero-column-padding  '     ><section  class='av_textblock_section av-av_textblock-0366cc7376be6c9e82a3e9cc8987b64f '   itemscope=\"itemscope\" itemtype=\"https:\/\/schema.org\/CreativeWork\" ><div class='avia_textblock'  itemprop=\"text\" ><p>\u041d\u0430 \u044d\u0442\u043e\u0439 \u0441\u0442\u0440\u0430\u043d\u0438\u0446\u0435 \u043f\u0440\u0435\u0434\u0441\u0442\u0430\u0432\u043b\u0435\u043d \u0441\u043f\u0438\u0441\u043e\u043a \u043d\u0435\u043a\u043e\u0442\u043e\u0440\u044b\u0445 \u043d\u0430\u0438\u0431\u043e\u043b\u0435\u0435 \u0437\u043d\u0430\u0447\u0438\u043c\u044b\u0445 \u043f\u0443\u0431\u043b\u0438\u043a\u0430\u0446\u0438\u0439 \u041c\u0430\u0440\u043a\u0430 \u0420\u0435\u0441\u0442\u0435\u043b\u043b\u0438\u043d\u0438 \u0437\u0430 \u043f\u043e\u0441\u043b\u0435\u0434\u043d\u0438\u0435 \u0434\u0432\u0430\u0434\u0446\u0430\u0442\u044c \u043b\u0435\u0442. \u042d\u0442\u043e\u0442 \u0441\u043f\u0438\u0441\u043e\u043a \u043d\u0435 \u044f\u0432\u043b\u044f\u0435\u0442\u0441\u044f \u0438\u0441\u0447\u0435\u0440\u043f\u044b\u0432\u0430\u044e\u0449\u0438\u043c. \u0412 \u0441\u043b\u0443\u0447\u0430\u0435 \u043d\u0435\u043e\u0431\u0445\u043e\u0434\u0438\u043c\u043e\u0441\u0442\u0438, \u0412\u044b \u043c\u043e\u0436\u0435\u0442\u0435 \u043e\u0431\u0440\u0430\u0442\u0438\u0442\u044c\u0441\u044f \u043a \u043d\u0430\u043c \u0437\u0430 \u0434\u043e\u043f\u043e\u043b\u043d\u0438\u0442\u0435\u043b\u044c\u043d\u043e\u0439 \u0438\u043d\u0444\u043e\u0440\u043c\u0430\u0446\u0438\u0435\u0439. \u042d\u0442\u0430 \u0441\u0442\u0440\u0430\u043d\u0438\u0446\u0430 \u043d\u0430\u0445\u043e\u0434\u0438\u0442\u0441\u044f \u0432 \u043f\u0440\u043e\u0446\u0435\u0441\u0441\u0435 \u0440\u0430\u0437\u0440\u0430\u0431\u043e\u0442\u043a\u0438, \u0438 \u043e\u043d\u0430 \u0431\u0443\u0434\u0435\u0442 \u043e\u0431\u043d\u043e\u0432\u043b\u0435\u043d\u0430 \u0432 \u0431\u043b\u0438\u0436\u0430\u0439\u0448\u0435\u0435 \u0432\u0440\u0435\u043c\u044f.<\/p>\n<\/div><\/section><\/div>\n<style type=\"text\/css\" data-created_by=\"avia_inline_auto\" id=\"style-css-av-av_one_half-9497bbf8bff73ea4c6992cc17fa9ec36\">\n.flex_column.av-av_one_half-9497bbf8bff73ea4c6992cc17fa9ec36{\nborder-radius:0px 0px 0px 0px;\npadding:0px 0px 0px 0px;\n}\n<\/style>\n<div  class='flex_column av-av_one_half-9497bbf8bff73ea4c6992cc17fa9ec36 av_one_half  avia-builder-el-4  el_after_av_one_full  el_before_av_one_half  first flex_column_div av-zero-column-padding  column-top-margin'     ><style type=\"text\/css\" data-created_by=\"avia_inline_auto\" id=\"style-css-av-av_image-0716ca73acb3e66faa96f8ccdd605d59\">\n.avia-image-container.av-av_image-0716ca73acb3e66faa96f8ccdd605d59 img.avia_image{\nbox-shadow:none;\n}\n.avia-image-container.av-av_image-0716ca73acb3e66faa96f8ccdd605d59 .av-image-caption-overlay-center{\ncolor:#ffffff;\n}\n<\/style>\n<div  class='avia-image-container av-av_image-0716ca73acb3e66faa96f8ccdd605d59 av-styling- avia_animated_image av-animated-when-visible-95 pop-up avia-align-center  avia-builder-el-5  avia-builder-el-no-sibling '   itemprop=\"image\" itemscope=\"itemscope\" itemtype=\"https:\/\/schema.org\/ImageObject\" ><div class=\"avia-image-container-inner\"><div class=\"avia-image-overlay-wrap\"><img decoding=\"async\" fetchpriority=\"high\" class='wp-image-2589 avia-img-lazy-loading-not-2589 avia_image ' src=\"https:\/\/www.restellini.com\/wp-content\/uploads\/2017\/05\/publications-restellini.png\" alt='' title='publications-restellini'  height=\"500\" width=\"500\"  itemprop=\"thumbnailUrl\" srcset=\"https:\/\/www.restellini.com\/wp-content\/uploads\/2017\/05\/publications-restellini.png 500w, https:\/\/www.restellini.com\/wp-content\/uploads\/2017\/05\/publications-restellini-80x80.png 80w, https:\/\/www.restellini.com\/wp-content\/uploads\/2017\/05\/publications-restellini-300x300.png 300w, https:\/\/www.restellini.com\/wp-content\/uploads\/2017\/05\/publications-restellini-36x36.png 36w, https:\/\/www.restellini.com\/wp-content\/uploads\/2017\/05\/publications-restellini-180x180.png 180w, https:\/\/www.restellini.com\/wp-content\/uploads\/2017\/05\/publications-restellini-120x120.png 120w, https:\/\/www.restellini.com\/wp-content\/uploads\/2017\/05\/publications-restellini-450x450.png 450w\" sizes=\"(max-width: 500px) 100vw, 500px\" \/><\/div><\/div><\/div><\/div>\n<style type=\"text\/css\" data-created_by=\"avia_inline_auto\" id=\"style-css-av-av_one_half-9c1d454dc06f7247226bc4e8f931daae\">\n.flex_column.av-av_one_half-9c1d454dc06f7247226bc4e8f931daae{\nborder-radius:0px 0px 0px 0px;\npadding:0px 0px 0px 0px;\n}\n<\/style>\n<div  class='flex_column av-av_one_half-9c1d454dc06f7247226bc4e8f931daae av_one_half  avia-builder-el-6  el_after_av_one_half  avia-builder-el-last  flex_column_div av-zero-column-padding  column-top-margin'     ><p>\n<style type=\"text\/css\" data-created_by=\"avia_inline_auto\" id=\"style-css-av-av_heading-bdf97f98fff8b79606f75a6f5bda6a84\">\n#top .av-special-heading.av-av_heading-bdf97f98fff8b79606f75a6f5bda6a84{\npadding-bottom:10px;\nfont-size:30px;\n}\nbody .av-special-heading.av-av_heading-bdf97f98fff8b79606f75a6f5bda6a84 .av-special-heading-tag .heading-char{\nfont-size:25px;\n}\n#top #wrap_all .av-special-heading.av-av_heading-bdf97f98fff8b79606f75a6f5bda6a84 .av-special-heading-tag{\nfont-size:30px;\n}\n.av-special-heading.av-av_heading-bdf97f98fff8b79606f75a6f5bda6a84 .av-subheading{\nfont-size:15px;\n}\n\n@media only screen and (min-width: 480px) and (max-width: 767px){ \n#top #wrap_all .av-special-heading.av-av_heading-bdf97f98fff8b79606f75a6f5bda6a84 .av-special-heading-tag{\nfont-size:0.8em;\n}\n}\n\n@media only screen and (max-width: 479px){ \n#top #wrap_all .av-special-heading.av-av_heading-bdf97f98fff8b79606f75a6f5bda6a84 .av-special-heading-tag{\nfont-size:0.8em;\n}\n}\n<\/style>\n<div  class='av-special-heading av-av_heading-bdf97f98fff8b79606f75a6f5bda6a84 av-special-heading-h3 blockquote modern-quote modern-centered  avia-builder-el-7  el_before_av_textblock  avia-builder-el-first  av-inherit-size'><h3 class='av-special-heading-tag'  itemprop=\"headline\"  >\u041e\u0441\u043d\u043e\u0432\u043d\u044b\u0435 \u043f\u0443\u0431\u043b\u0438\u043a\u0430\u0446\u0438\u0438 \u041c\u0430\u0440\u043a\u0430 \u0420\u0435\u0441\u0442\u0435\u043b\u043b\u0438\u043d\u0438<\/h3><div class=\"special-heading-border\"><div class=\"special-heading-inner-border\"><\/div><\/div><\/div><br \/>\n<section  class='av_textblock_section av-av_textblock-0366cc7376be6c9e82a3e9cc8987b64f '   itemscope=\"itemscope\" itemtype=\"https:\/\/schema.org\/CreativeWork\" ><div class='avia_textblock'  itemprop=\"text\" ><p><strong>\u0413\u043b\u0430\u0432\u043d\u044b\u0439 \u0440\u0435\u0434\u0430\u043a\u0442\u043e\u0440 \u0438 \u0430\u0432\u0442\u043e\u0440<\/strong><\/p>\n<p><strong><em>\u041a\u043d\u0438\u0433\u0438, \u043f\u043e\u0441\u0432\u044f\u0449\u0435\u043d\u043d\u044b\u0435 \u041c\u043e\u0434\u0438\u043b\u044c\u044f\u043d\u0438<\/em><\/strong><\/p>\n<ul>\n<li><em>Portraits et paysages chez Zborowski,\u00a0<\/em>\u00e9ditions Carrefour Vavin, Paris, 1988.<\/li>\n<li><em>Modigliani,\u00a0<\/em>catalogue des expositions au Japon 1992-1993, Ma\u00efnichi, The Tokyo Shimbun, 1992<\/li>\n<li><em>Exposition Modigliani et ses amis,\u00a0<\/em>Japon, 1993-1994<\/li>\n<li><em>Les Peintres de Zborowski \u2013 Modigliani, Utrillo, Soutine et leurs amis<\/em>, Fondation de l\u2019Hermitage, Lausanne, 1994<\/li>\n<li><em>Modigliani, Soutine, Utrillo e i pittori di Zborowski,<\/em>\u00a0Palazzo Vecchio, Florence, edizioni Marsilio, 1994<\/li>\n<li><em>Modigliani et son \u00e9poque, Paris 1910-1920<\/em>, \u00e9ditions Art Life, Tokyo, 1997<\/li>\n<li><em>L\u2019Ange au visage grave<\/em>, \u00e9ditions Skira\/Seuil, Mus\u00e9e du Luxembourg, Paris, 2002<\/li>\n<li><em>Modigliani, The Melancholy Angel<\/em>, \u00c9ditions Skira\/Seuil, Mus\u00e9e du Luxembourg, Paris, 2002<\/li>\n<\/ul>\n<ul>\n<li><em>Amedeo Modigliani, L\u2019Angelo dal volto severo<\/em>, Palazzo Reale, Milan, Skira, 2003<\/li>\n<li><em>Amedeo Modigliani et Jeanne H\u00e9buterne<\/em>, Goyan Aram Art Gallery, Cor\u00e9e du Sud, Culture Books, 2008<\/li>\n<li><em>Modigliani et H\u00e9buterne, le couple tragique<\/em>, The Tokyo Shimbun, 2007.<\/li>\n<li><em>Modigliani et le primitivisme,\u00a0<\/em>The National Art Center et The National Museum of Art, Osaka, Nikkei Inc., Tokyo, 2008<\/li>\n<li><em>Le Silence \u00e9ternel \u2013\u00a0Modigliani \u2013 H\u00e9buterne, 1916-1919,\u00a0<\/em>\u00e9ditions Pinacoth\u00e8que de Paris, 2008. Suivi du Catalogue raisonn\u00e9 de l\u2019\u0153uvre peint et dessin\u00e9 de Jeanne H\u00e9buterne.<\/li>\n<li><em>La Collection Jonas Netter\u00a0\u2013\u00a0Modigliani, Soutine et l\u2019Aventure de Montparnasse,\u00a0<\/em>Pinacoth\u00e8que de Paris, Paris, 2002<\/li>\n<\/ul>\n<p><strong>\u0421\u0442\u0430\u0442\u044c\u0438<\/strong><\/p>\n<p><strong><em>\u0421\u0442\u0430\u0442\u044c\u0438, \u043f\u043e\u0441\u0432\u044f\u0449\u0435\u043d\u043d\u044b\u0435 \u041c\u043e\u0434\u0438\u043b\u044c\u044f\u043d\u0438<\/em><\/strong><\/p>\n<ul>\n<li>\u00ab\u00a0Zborowski, marchand et po\u00e8te\u00a0\u00bb,\u00a0<em>L\u2019\u0152il<\/em>, juillet-ao\u00fbt 1994, p. 52-59<\/li>\n<li>\u00ab\u00a0Zborowski, il mercante-poeta\u00a0\u00bb, p. 19-26 et \u00ab\u00a0La carriera di un nuovo artista in un nuovo mondo dell\u2019arte, da Paul Alexandre a L\u00e9opold Zborowski\u00a0\u00bb, in Catalogue de l\u2019exposition\u00a0<em>Modigliani, Soutine, Utrillo e i pittori di Zborowski,<\/em>\u00a0Florence, Palazzo Vecchio,\u00a0 1994<\/li>\n<\/ul>\n<ul>\n<li>\u00ab\u00a0Il clima artistico di Parigi tra il 1910 e il 1925. Modigliani nel cuore degli anni folli\u00a0\u00bb, in Catalogue de l\u2019exposition\u00a0<em>Amedeo Modigliani,<\/em>\u00a0Lugano (Suisse), 28 mars-27 juin 1999, p. 55-86<\/li>\n<\/ul>\n<p><strong><em>\u0421\u0442\u0430\u0442\u044c\u0438, \u043f\u043e\u0441\u0432\u044f\u0449\u0435\u043d\u043d\u044b\u0435 \u0434\u0440\u0443\u0433\u0438\u043c \u0445\u0443\u0434\u043e\u0436\u043d\u0438\u043a\u0430\u043c<\/em><\/strong><\/p>\n<ul>\n<li>\u00ab\u00a0Kiki, une reine\u00a0\u00bb in\u00a0<em>Kiki reine de Montparnasse<\/em>, \u00e9ditions Art Life, Tokyo, 1999<\/li>\n<\/ul>\n<\/div><\/section><\/p><\/div>\n","protected":false},"excerpt":{"rendered":"","protected":false},"author":1,"featured_media":0,"parent":0,"menu_order":0,"comment_status":"closed","ping_status":"closed","template":"","meta":{"footnotes":""},"yoast_head":"<!-- This site is optimized with the Yoast SEO plugin v22.4 - https:\/\/yoast.com\/wordpress\/plugins\/seo\/ -->\n<title>\u041f\u0443\u0431\u043b\u0438\u043a\u0430\u0446\u0438\u0438 - Marc Restellini<\/title>\n<meta name=\"robots\" content=\"index, follow, max-snippet:-1, max-image-preview:large, max-video-preview:-1\" \/>\n<link rel=\"canonical\" href=\"https:\/\/www.restellini.com\/ses-publications\/\" \/>\n<meta property=\"og:locale\" content=\"ru_RU\" \/>\n<meta property=\"og:type\" content=\"article\" \/>\n<meta property=\"og:title\" content=\"\u041f\u0443\u0431\u043b\u0438\u043a\u0430\u0446\u0438\u0438 - Marc Restellini\" \/>\n<meta property=\"og:url\" content=\"https:\/\/www.restellini.com\/ses-publications\/\" \/>\n<meta property=\"og:site_name\" content=\"Marc Restellini\" \/>\n<meta property=\"article:modified_time\" content=\"2017-07-31T17:18:31+00:00\" \/>\n<meta name=\"twitter:card\" content=\"summary_large_image\" \/>\n<meta name=\"twitter:site\" content=\"@marcrestellini\" \/>\n<meta name=\"twitter:label1\" content=\"\u041f\u0440\u0438\u043c\u0435\u0440\u043d\u043e\u0435 \u0432\u0440\u0435\u043c\u044f \u0434\u043b\u044f \u0447\u0442\u0435\u043d\u0438\u044f\" \/>\n\t<meta name=\"twitter:data1\" content=\"4 \u043c\u0438\u043d\u0443\u0442\u044b\" \/>\n<script type=\"application\/ld+json\" class=\"yoast-schema-graph\">{\"@context\":\"https:\/\/schema.org\",\"@graph\":[{\"@type\":\"WebPage\",\"@id\":\"https:\/\/www.restellini.com\/ses-publications\/\",\"url\":\"https:\/\/www.restellini.com\/ses-publications\/\",\"name\":\"\u041f\u0443\u0431\u043b\u0438\u043a\u0430\u0446\u0438\u0438 - Marc Restellini\",\"isPartOf\":{\"@id\":\"https:\/\/www.restellini.com\/#website\"},\"datePublished\":\"2017-07-31T17:18:30+00:00\",\"dateModified\":\"2017-07-31T17:18:31+00:00\",\"breadcrumb\":{\"@id\":\"https:\/\/www.restellini.com\/ses-publications\/#breadcrumb\"},\"inLanguage\":\"ru-RU\",\"potentialAction\":[{\"@type\":\"ReadAction\",\"target\":[\"https:\/\/www.restellini.com\/ses-publications\/\"]}]},{\"@type\":\"BreadcrumbList\",\"@id\":\"https:\/\/www.restellini.com\/ses-publications\/#breadcrumb\",\"itemListElement\":[{\"@type\":\"ListItem\",\"position\":1,\"name\":\"Accueil\",\"item\":\"https:\/\/www.restellini.com\/\"},{\"@type\":\"ListItem\",\"position\":2,\"name\":\"\u041f\u0443\u0431\u043b\u0438\u043a\u0430\u0446\u0438\u0438\"}]},{\"@type\":\"WebSite\",\"@id\":\"https:\/\/www.restellini.com\/#website\",\"url\":\"https:\/\/www.restellini.com\/\",\"name\":\"Marc Restellini\",\"description\":\"Site Officiel de Marc Restellini\",\"potentialAction\":[{\"@type\":\"SearchAction\",\"target\":{\"@type\":\"EntryPoint\",\"urlTemplate\":\"https:\/\/www.restellini.com\/?s={search_term_string}\"},\"query-input\":\"required name=search_term_string\"}],\"inLanguage\":\"ru-RU\"}]}<\/script>\n<!-- \/ Yoast SEO plugin. -->","yoast_head_json":{"title":"\u041f\u0443\u0431\u043b\u0438\u043a\u0430\u0446\u0438\u0438 - Marc Restellini","robots":{"index":"index","follow":"follow","max-snippet":"max-snippet:-1","max-image-preview":"max-image-preview:large","max-video-preview":"max-video-preview:-1"},"canonical":"https:\/\/www.restellini.com\/ses-publications\/","og_locale":"ru_RU","og_type":"article","og_title":"\u041f\u0443\u0431\u043b\u0438\u043a\u0430\u0446\u0438\u0438 - Marc Restellini","og_url":"https:\/\/www.restellini.com\/ses-publications\/","og_site_name":"Marc Restellini","article_modified_time":"2017-07-31T17:18:31+00:00","twitter_card":"summary_large_image","twitter_site":"@marcrestellini","twitter_misc":{"\u041f\u0440\u0438\u043c\u0435\u0440\u043d\u043e\u0435 \u0432\u0440\u0435\u043c\u044f \u0434\u043b\u044f \u0447\u0442\u0435\u043d\u0438\u044f":"4 \u043c\u0438\u043d\u0443\u0442\u044b"},"schema":{"@context":"https:\/\/schema.org","@graph":[{"@type":"WebPage","@id":"https:\/\/www.restellini.com\/ses-publications\/","url":"https:\/\/www.restellini.com\/ses-publications\/","name":"\u041f\u0443\u0431\u043b\u0438\u043a\u0430\u0446\u0438\u0438 - Marc Restellini","isPartOf":{"@id":"https:\/\/www.restellini.com\/#website"},"datePublished":"2017-07-31T17:18:30+00:00","dateModified":"2017-07-31T17:18:31+00:00","breadcrumb":{"@id":"https:\/\/www.restellini.com\/ses-publications\/#breadcrumb"},"inLanguage":"ru-RU","potentialAction":[{"@type":"ReadAction","target":["https:\/\/www.restellini.com\/ses-publications\/"]}]},{"@type":"BreadcrumbList","@id":"https:\/\/www.restellini.com\/ses-publications\/#breadcrumb","itemListElement":[{"@type":"ListItem","position":1,"name":"Accueil","item":"https:\/\/www.restellini.com\/"},{"@type":"ListItem","position":2,"name":"\u041f\u0443\u0431\u043b\u0438\u043a\u0430\u0446\u0438\u0438"}]},{"@type":"WebSite","@id":"https:\/\/www.restellini.com\/#website","url":"https:\/\/www.restellini.com\/","name":"Marc Restellini","description":"Site Officiel de Marc Restellini","potentialAction":[{"@type":"SearchAction","target":{"@type":"EntryPoint","urlTemplate":"https:\/\/www.restellini.com\/?s={search_term_string}"},"query-input":"required name=search_term_string"}],"inLanguage":"ru-RU"}]}},"_links":{"self":[{"href":"https:\/\/www.restellini.com\/ru\/wp-json\/wp\/v2\/pages\/1688"}],"collection":[{"href":"https:\/\/www.restellini.com\/ru\/wp-json\/wp\/v2\/pages"}],"about":[{"href":"https:\/\/www.restellini.com\/ru\/wp-json\/wp\/v2\/types\/page"}],"author":[{"embeddable":true,"href":"https:\/\/www.restellini.com\/ru\/wp-json\/wp\/v2\/users\/1"}],"replies":[{"embeddable":true,"href":"https:\/\/www.restellini.com\/ru\/wp-json\/wp\/v2\/comments?post=1688"}],"version-history":[{"count":6,"href":"https:\/\/www.restellini.com\/ru\/wp-json\/wp\/v2\/pages\/1688\/revisions"}],"predecessor-version":[{"id":1694,"href":"https:\/\/www.restellini.com\/ru\/wp-json\/wp\/v2\/pages\/1688\/revisions\/1694"}],"wp:attachment":[{"href":"https:\/\/www.restellini.com\/ru\/wp-json\/wp\/v2\/media?parent=1688"}],"curies":[{"name":"wp","href":"https:\/\/api.w.org\/{rel}","templated":true}]}}